{"id":34,"date":"2017-01-03T13:48:32","date_gmt":"2017-01-03T13:48:32","guid":{"rendered":"http:\/\/xn--bcker-meyer-rfb.de\/rtw\/?page_id=34"},"modified":"2023-07-01T17:31:48","modified_gmt":"2023-07-01T17:31:48","slug":"fietselfstedentocht","status":"publish","type":"page","link":"https:\/\/rtw.xn--bcker-meyer-rfb.de\/?page_id=34","title":{"rendered":"Fietselfstedentocht"},"content":{"rendered":"\n<p>Schon seit mehr als 100 Jahren fahren Sportliebhaber am Pfingstmontag die \u201aFietselfstedentocht&#8216;. Die Route dieser 235 Kilometer langen Tour, die entlang der friesischen elf St\u00e4dte f\u00fchrt, beginnt und endet traditionsgem\u00e4\u00df in Bolsward.<br>Das Teilnehmerfeld der Tour besteht aus verschiedenen Kategorien. Aus schnellen Radrennfahrern, sportlichen Fahrern und echten Freizeitfahrern. Auch die Fahrr\u00e4der der Teilnehmer sind ganz unterschiedlich. So sehen wir w\u00e4hrend der Tour viele Rennr\u00e4der, aber auch ganz \u201anormale\u2019 Fahrr\u00e4der, Transportr\u00e4der, Tandems und Lieger\u00e4der.<\/p>\n\n\n\n<p>Distanz: 235 km<\/p>\n\n\n\n<hr class=\"wp-block-separator has-alpha-channel-opacity\"\/>\n\n\n<div class=\"wp-block-image\">\n<figure class=\"alignright size-full is-resized\"><img loading=\"lazy\" decoding=\"async\" src=\"https:\/\/rtw.xn--bcker-meyer-rfb.de\/wp-content\/uploads\/2023\/07\/7.jpg\" alt=\"\" class=\"wp-image-365\" width=\"69\" height=\"74\"\/><\/figure>\n<\/div>","protected":false},"excerpt":{"rendered":"<p>Schon seit mehr als 100 Jahren fahren Sportliebhaber am Pfingstmontag die \u201aFietselfstedentocht&#8216;. Die Route dieser 235 Kilometer langen Tour, die entlang der friesischen elf St\u00e4dte f\u00fchrt, beginnt und endet traditionsgem\u00e4\u00df in Bolsward.Das Teilnehmerfeld der Tour besteht aus verschiedenen Kategorien. Aus &hellip; <a href=\"https:\/\/rtw.xn--bcker-meyer-rfb.de\/?page_id=34\">Weiterlesen <span class=\"meta-nav\">&rarr;<\/span><\/a><\/p>\n","protected":false},"author":1,"featured_media":0,"parent":17,"menu_order":0,"comment_status":"closed","ping_status":"closed","template":"","meta":{"footnotes":""},"class_list":["post-34","page","type-page","status-publish","hentry"],"_links":{"self":[{"href":"https:\/\/rtw.xn--bcker-meyer-rfb.de\/index.php?rest_route=\/wp\/v2\/pages\/34","targetHints":{"allow":["GET"]}}],"collection":[{"href":"https:\/\/rtw.xn--bcker-meyer-rfb.de\/index.php?rest_route=\/wp\/v2\/pages"}],"about":[{"href":"https:\/\/rtw.xn--bcker-meyer-rfb.de\/index.php?rest_route=\/wp\/v2\/types\/page"}],"author":[{"embeddable":true,"href":"https:\/\/rtw.xn--bcker-meyer-rfb.de\/index.php?rest_route=\/wp\/v2\/users\/1"}],"replies":[{"embeddable":true,"href":"https:\/\/rtw.xn--bcker-meyer-rfb.de\/index.php?rest_route=%2Fwp%2Fv2%2Fcomments&post=34"}],"version-history":[{"count":18,"href":"https:\/\/rtw.xn--bcker-meyer-rfb.de\/index.php?rest_route=\/wp\/v2\/pages\/34\/revisions"}],"predecessor-version":[{"id":369,"href":"https:\/\/rtw.xn--bcker-meyer-rfb.de\/index.php?rest_route=\/wp\/v2\/pages\/34\/revisions\/369"}],"up":[{"embeddable":true,"href":"https:\/\/rtw.xn--bcker-meyer-rfb.de\/index.php?rest_route=\/wp\/v2\/pages\/17"}],"wp:attachment":[{"href":"https:\/\/rtw.xn--bcker-meyer-rfb.de\/index.php?rest_route=%2Fwp%2Fv2%2Fmedia&parent=34"}],"curies":[{"name":"wp","href":"https:\/\/api.w.org\/{rel}","templated":true}]}}