{"id":30,"date":"2017-01-03T13:24:25","date_gmt":"2017-01-03T13:24:25","guid":{"rendered":"http:\/\/xn--bcker-meyer-rfb.de\/rtw\/?page_id=30"},"modified":"2023-07-01T17:33:15","modified_gmt":"2023-07-01T17:33:15","slug":"spreewaldmarathon","status":"publish","type":"page","link":"https:\/\/rtw.xn--bcker-meyer-rfb.de\/?page_id=30","title":{"rendered":"Spreewaldmarathon"},"content":{"rendered":"\n<hr class=\"wp-block-separator has-alpha-channel-opacity\"\/>\n\n\n\n<p class=\"has-small-font-size\">Der Spreewald-Marathon ist eine Sportveranstaltung im Spreewald, die seit 2003 im April stattfindet.<br>F\u00fcr Radsportler wird freitags ein Einzelzeitfahren \u00fcber 5 km und samstags Radtourenfahrten \u00fcber 20, 42, 70, 110, 150 und 200 km angeboten.<br>In Anlehnung an die wohl bekannteste Delikatesse der Region, die Spreew\u00e4lder Gurken, lautet das Motto der Veranstaltung:<\/p>\n\n\n\n<p class=\"has-small-font-size\"><em>Auf die Gurke, fertig, los.<\/em><\/p>\n\n\n\n<p class=\"has-small-font-size\">Passend dazu erh\u00e4lt jeder Finisher an Stelle einer Medaille eine schwergewichtige gr\u00fcne Gurke aus Metall.<\/p>\n\n\n\n<p class=\"has-small-font-size\">Distanz: 203 km<\/p>\n\n\n\n<hr class=\"wp-block-separator has-alpha-channel-opacity\"\/>\n\n\n<div class=\"wp-block-image\">\n<figure class=\"alignright size-full is-resized\"><img loading=\"lazy\" decoding=\"async\" src=\"https:\/\/rtw.xn--bcker-meyer-rfb.de\/wp-content\/uploads\/2023\/06\/8.jpg\" alt=\"\" class=\"wp-image-355\" width=\"64\" height=\"74\"\/><\/figure>\n<\/div>","protected":false},"excerpt":{"rendered":"<p>Der Spreewald-Marathon ist eine Sportveranstaltung im Spreewald, die seit 2003 im April stattfindet.F\u00fcr Radsportler wird freitags ein Einzelzeitfahren \u00fcber 5 km und samstags Radtourenfahrten \u00fcber 20, 42, 70, 110, 150 und 200 km angeboten.In Anlehnung an die wohl bekannteste Delikatesse &hellip; <a href=\"https:\/\/rtw.xn--bcker-meyer-rfb.de\/?page_id=30\">Weiterlesen <span class=\"meta-nav\">&rarr;<\/span><\/a><\/p>\n","protected":false},"author":1,"featured_media":0,"parent":17,"menu_order":0,"comment_status":"closed","ping_status":"closed","template":"","meta":{"footnotes":""},"class_list":["post-30","page","type-page","status-publish","hentry"],"_links":{"self":[{"href":"https:\/\/rtw.xn--bcker-meyer-rfb.de\/index.php?rest_route=\/wp\/v2\/pages\/30","targetHints":{"allow":["GET"]}}],"collection":[{"href":"https:\/\/rtw.xn--bcker-meyer-rfb.de\/index.php?rest_route=\/wp\/v2\/pages"}],"about":[{"href":"https:\/\/rtw.xn--bcker-meyer-rfb.de\/index.php?rest_route=\/wp\/v2\/types\/page"}],"author":[{"embeddable":true,"href":"https:\/\/rtw.xn--bcker-meyer-rfb.de\/index.php?rest_route=\/wp\/v2\/users\/1"}],"replies":[{"embeddable":true,"href":"https:\/\/rtw.xn--bcker-meyer-rfb.de\/index.php?rest_route=%2Fwp%2Fv2%2Fcomments&post=30"}],"version-history":[{"count":26,"href":"https:\/\/rtw.xn--bcker-meyer-rfb.de\/index.php?rest_route=\/wp\/v2\/pages\/30\/revisions"}],"predecessor-version":[{"id":371,"href":"https:\/\/rtw.xn--bcker-meyer-rfb.de\/index.php?rest_route=\/wp\/v2\/pages\/30\/revisions\/371"}],"up":[{"embeddable":true,"href":"https:\/\/rtw.xn--bcker-meyer-rfb.de\/index.php?rest_route=\/wp\/v2\/pages\/17"}],"wp:attachment":[{"href":"https:\/\/rtw.xn--bcker-meyer-rfb.de\/index.php?rest_route=%2Fwp%2Fv2%2Fmedia&parent=30"}],"curies":[{"name":"wp","href":"https:\/\/api.w.org\/{rel}","templated":true}]}}