{"id":172,"date":"2020-07-06T07:49:13","date_gmt":"2020-07-06T07:49:13","guid":{"rendered":"http:\/\/rtw.xn--bcker-meyer-rfb.de\/?page_id=172"},"modified":"2023-07-01T17:39:51","modified_gmt":"2023-07-01T17:39:51","slug":"cycle-tour","status":"publish","type":"page","link":"https:\/\/rtw.xn--bcker-meyer-rfb.de\/?page_id=172","title":{"rendered":"CYCLE TOUR"},"content":{"rendered":"\n<p>Zwei Bundesl\u00e4nder, zwei St\u00e4dte, ein Ziel: Nach Magdeburg f\u00fchrt die 100 kilometerlange Strecke. Eine abwechslungsreiche Strecke f\u00fcr Radsportler.<\/p>\n\n\n\n<p>Distanz: 100 km<\/p>\n\n\n\n<hr class=\"wp-block-separator has-alpha-channel-opacity\"\/>\n\n\n\n<p><\/p>\n\n\n<div class=\"wp-block-image\">\n<figure class=\"alignright size-full is-resized\"><img loading=\"lazy\" decoding=\"async\" src=\"https:\/\/rtw.xn--bcker-meyer-rfb.de\/wp-content\/uploads\/2023\/07\/5.jpg\" alt=\"\" class=\"wp-image-375\" width=\"64\" height=\"75\"\/><\/figure>\n<\/div>","protected":false},"excerpt":{"rendered":"<p>Zwei Bundesl\u00e4nder, zwei St\u00e4dte, ein Ziel: Nach Magdeburg f\u00fchrt die 100 kilometerlange Strecke. Eine abwechslungsreiche Strecke f\u00fcr Radsportler. Distanz: 100 km<\/p>\n","protected":false},"author":1,"featured_media":0,"parent":0,"menu_order":0,"comment_status":"closed","ping_status":"closed","template":"","meta":{"footnotes":""},"class_list":["post-172","page","type-page","status-publish","hentry"],"_links":{"self":[{"href":"https:\/\/rtw.xn--bcker-meyer-rfb.de\/index.php?rest_route=\/wp\/v2\/pages\/172","targetHints":{"allow":["GET"]}}],"collection":[{"href":"https:\/\/rtw.xn--bcker-meyer-rfb.de\/index.php?rest_route=\/wp\/v2\/pages"}],"about":[{"href":"https:\/\/rtw.xn--bcker-meyer-rfb.de\/index.php?rest_route=\/wp\/v2\/types\/page"}],"author":[{"embeddable":true,"href":"https:\/\/rtw.xn--bcker-meyer-rfb.de\/index.php?rest_route=\/wp\/v2\/users\/1"}],"replies":[{"embeddable":true,"href":"https:\/\/rtw.xn--bcker-meyer-rfb.de\/index.php?rest_route=%2Fwp%2Fv2%2Fcomments&post=172"}],"version-history":[{"count":21,"href":"https:\/\/rtw.xn--bcker-meyer-rfb.de\/index.php?rest_route=\/wp\/v2\/pages\/172\/revisions"}],"predecessor-version":[{"id":378,"href":"https:\/\/rtw.xn--bcker-meyer-rfb.de\/index.php?rest_route=\/wp\/v2\/pages\/172\/revisions\/378"}],"wp:attachment":[{"href":"https:\/\/rtw.xn--bcker-meyer-rfb.de\/index.php?rest_route=%2Fwp%2Fv2%2Fmedia&parent=172"}],"curies":[{"name":"wp","href":"https:\/\/api.w.org\/{rel}","templated":true}]}}