{"id":17,"date":"2017-01-03T13:02:48","date_gmt":"2017-01-03T13:02:48","guid":{"rendered":"http:\/\/xn--bcker-meyer-rfb.de\/rtw\/?page_id=17"},"modified":"2022-11-19T16:13:32","modified_gmt":"2022-11-19T16:13:32","slug":"radfahren","status":"publish","type":"page","link":"https:\/\/rtw.xn--bcker-meyer-rfb.de\/?page_id=17","title":{"rendered":"Radfahren"},"content":{"rendered":"\n<hr class=\"wp-block-separator aligncenter has-alpha-channel-opacity\"\/>\n\n\n\n<p class=\"has-text-align-center has-small-font-size\">Ein Radmarathon ist eine organisierte Langstreckenradfahrt, die \u00fcber einen Tag oder mehrere Tage ohne Etappen ausgetragen wird. Im deutschen Stra\u00dfenradsport werden Radtourenfahrten f\u00fcr Hobbyfahrer laut Definition des BDR dann als Radmarathon bezeichnet, wenn sie mindestens 200 Kilometer lang sind. Eine Zeitnahme gibt es dabei nicht. (Quelle: Wikipedia)<\/p>\n\n\n\n<hr class=\"wp-block-separator aligncenter has-alpha-channel-opacity\"\/>\n\n\n\n<ul class=\"wp-block-list\">\n<li><a href=\"https:\/\/rtw.xn--bcker-meyer-rfb.de\/?page_id=30\" data-type=\"page\" data-id=\"30\">Spreewaldmarathon<\/a><\/li>\n\n\n\n<li><a href=\"https:\/\/rtw.xn--bcker-meyer-rfb.de\/?page_id=34\" data-type=\"page\" data-id=\"34\">Fietselfstedentocht<\/a><\/li>\n\n\n\n<li><a href=\"https:\/\/rtw.xn--bcker-meyer-rfb.de\/?page_id=26\" data-type=\"page\" data-id=\"26\">V\u00e4tternrundan<\/a><\/li>\n<\/ul>\n\n\n\n<p><\/p>\n","protected":false},"excerpt":{"rendered":"<p>Ein Radmarathon ist eine organisierte Langstreckenradfahrt, die \u00fcber einen Tag oder mehrere Tage ohne Etappen ausgetragen wird. Im deutschen Stra\u00dfenradsport werden Radtourenfahrten f\u00fcr Hobbyfahrer laut Definition des BDR dann als Radmarathon bezeichnet, wenn sie mindestens 200 Kilometer lang sind. Eine &hellip; <a href=\"https:\/\/rtw.xn--bcker-meyer-rfb.de\/?page_id=17\">Weiterlesen <span class=\"meta-nav\">&rarr;<\/span><\/a><\/p>\n","protected":false},"author":1,"featured_media":0,"parent":0,"menu_order":0,"comment_status":"closed","ping_status":"closed","template":"","meta":{"footnotes":""},"class_list":["post-17","page","type-page","status-publish","hentry"],"_links":{"self":[{"href":"https:\/\/rtw.xn--bcker-meyer-rfb.de\/index.php?rest_route=\/wp\/v2\/pages\/17","targetHints":{"allow":["GET"]}}],"collection":[{"href":"https:\/\/rtw.xn--bcker-meyer-rfb.de\/index.php?rest_route=\/wp\/v2\/pages"}],"about":[{"href":"https:\/\/rtw.xn--bcker-meyer-rfb.de\/index.php?rest_route=\/wp\/v2\/types\/page"}],"author":[{"embeddable":true,"href":"https:\/\/rtw.xn--bcker-meyer-rfb.de\/index.php?rest_route=\/wp\/v2\/users\/1"}],"replies":[{"embeddable":true,"href":"https:\/\/rtw.xn--bcker-meyer-rfb.de\/index.php?rest_route=%2Fwp%2Fv2%2Fcomments&post=17"}],"version-history":[{"count":13,"href":"https:\/\/rtw.xn--bcker-meyer-rfb.de\/index.php?rest_route=\/wp\/v2\/pages\/17\/revisions"}],"predecessor-version":[{"id":321,"href":"https:\/\/rtw.xn--bcker-meyer-rfb.de\/index.php?rest_route=\/wp\/v2\/pages\/17\/revisions\/321"}],"wp:attachment":[{"href":"https:\/\/rtw.xn--bcker-meyer-rfb.de\/index.php?rest_route=%2Fwp%2Fv2%2Fmedia&parent=17"}],"curies":[{"name":"wp","href":"https:\/\/api.w.org\/{rel}","templated":true}]}}