{"id":110,"date":"2018-06-21T12:41:18","date_gmt":"2018-06-21T12:41:18","guid":{"rendered":"http:\/\/rtw.xn--bcker-meyer-rfb.de\/?page_id=110"},"modified":"2021-06-09T16:58:37","modified_gmt":"2021-06-09T16:58:37","slug":"nordjylland-rundt","status":"publish","type":"page","link":"https:\/\/rtw.xn--bcker-meyer-rfb.de\/?page_id=110","title":{"rendered":"NORDJYLLAND RUNDT"},"content":{"rendered":"<p>&#8222;<strong>NORDJYLLAND RUNDT<\/strong>&#8222;<\/p>\n<p>ist eine Radveranstaltung, die vom Aalborg Cycle-Ring und vom CCH Hj\u00f8rring &#8211; zwei nordj\u00fctl\u00e4ndischen Radsportvereinen &#8211; organisiert wird.<\/p>\n<p>Das Rennen wurde erstmals im Jahr 1990 ausgetragen.<\/p>\n<hr \/>\n<p>NORDJYLLAND RUNDT bietet 3 Strecken<\/p>\n<p>200 km &#8211; Die &#8222;HERAUSFORDERUNG&#8220;<br \/>140 km &#8211; Die &#8222;KLASSISCHE&#8220;<br \/>75 km &#8211; Die &#8222;SKODA Tour<\/p>\n<hr \/>\n<table border=\"0px\" cellspacing=\"0\" cellpadding=\"0\">\n<tbody>\n<tr>\n<td>Distanz:<\/td>\n<td>\u00a0<\/td>\n<td align=\"right\">200 km<\/td>\n<\/tr>\n<tr>\n<td>Teilnahme:<\/td>\n<td>\u00a0<\/td>\n<td align=\"right\">2018<\/td>\n<\/tr>\n<\/tbody>\n<\/table>\n\n\n<p><\/p>\n","protected":false},"excerpt":{"rendered":"<p>&#8222;NORDJYLLAND RUNDT&#8222; ist eine Radveranstaltung, die vom Aalborg Cycle-Ring und vom CCH Hj\u00f8rring &#8211; zwei nordj\u00fctl\u00e4ndischen Radsportvereinen &#8211; organisiert wird. Das Rennen wurde erstmals im Jahr 1990 ausgetragen. NORDJYLLAND RUNDT bietet 3 Strecken 200 km &#8211; Die &#8222;HERAUSFORDERUNG&#8220;140 km &#8211; &hellip; <a href=\"https:\/\/rtw.xn--bcker-meyer-rfb.de\/?page_id=110\">Weiterlesen <span class=\"meta-nav\">&rarr;<\/span><\/a><\/p>\n","protected":false},"author":1,"featured_media":0,"parent":0,"menu_order":0,"comment_status":"closed","ping_status":"closed","template":"","meta":{"footnotes":""},"class_list":["post-110","page","type-page","status-publish","hentry"],"_links":{"self":[{"href":"https:\/\/rtw.xn--bcker-meyer-rfb.de\/index.php?rest_route=\/wp\/v2\/pages\/110","targetHints":{"allow":["GET"]}}],"collection":[{"href":"https:\/\/rtw.xn--bcker-meyer-rfb.de\/index.php?rest_route=\/wp\/v2\/pages"}],"about":[{"href":"https:\/\/rtw.xn--bcker-meyer-rfb.de\/index.php?rest_route=\/wp\/v2\/types\/page"}],"author":[{"embeddable":true,"href":"https:\/\/rtw.xn--bcker-meyer-rfb.de\/index.php?rest_route=\/wp\/v2\/users\/1"}],"replies":[{"embeddable":true,"href":"https:\/\/rtw.xn--bcker-meyer-rfb.de\/index.php?rest_route=%2Fwp%2Fv2%2Fcomments&post=110"}],"version-history":[{"count":6,"href":"https:\/\/rtw.xn--bcker-meyer-rfb.de\/index.php?rest_route=\/wp\/v2\/pages\/110\/revisions"}],"predecessor-version":[{"id":239,"href":"https:\/\/rtw.xn--bcker-meyer-rfb.de\/index.php?rest_route=\/wp\/v2\/pages\/110\/revisions\/239"}],"wp:attachment":[{"href":"https:\/\/rtw.xn--bcker-meyer-rfb.de\/index.php?rest_route=%2Fwp%2Fv2%2Fmedia&parent=110"}],"curies":[{"name":"wp","href":"https:\/\/api.w.org\/{rel}","templated":true}]}}